{"id":85,"date":"2014-04-17T11:51:08","date_gmt":"2014-04-17T11:51:08","guid":{"rendered":"http:\/\/www.jacobmollstam.se\/?page_id=85"},"modified":"2017-01-03T11:28:58","modified_gmt":"2017-01-03T11:28:58","slug":"va-ar-det-verkligen-sant","status":"publish","type":"page","link":"https:\/\/www.jacobmollstam.se\/?page_id=85","title":{"rendered":"Va!? \u00c4r det verkligen sant!?"},"content":{"rendered":"<p dir=\"ltr\">Va!? \u00c4r det verkligen sant? Barnet bredvid mig fnittrar till och torkar sina t\u00e5rar. Efter en dryg timma av gr\u00e5t och heml\u00e4ngtan \u00e4r det ett v\u00e4lkommet avbrott. Vi har rest halvv\u00e4gs runt jorden tillsammans och befinner oss p\u00e5 en l\u00e4gerg\u00e5rd p\u00e5 den brasilianska landsbygden. Jag m\u00e4rker att Resekamraten inte riktigt tror p\u00e5 mig. Jag f\u00f6rklarar att det \u00e4r sant; f\u00f6rr var barn alltid med sina f\u00f6r\u00e4ldrar. Man gick inte till n\u00e5gon skola utan man hj\u00e4lpte till hemma eller p\u00e5 deras jobb. Och sen n\u00e4r de inte l\u00e4ngre orkade jobba sj\u00e4lva fick barnen ta \u00f6ver. Det tar tid innan hen tror p\u00e5 mig. Tanken \u00e4r s\u00e5 banal f\u00f6r ett barn av idag att Resekamraten bara m\u00e5ste skratta.<\/p>\n<p dir=\"ltr\">Vi \u00e4r p\u00e5 ett internationellt fredsl\u00e4ger skapat f\u00f6r att barn ska l\u00e4ra k\u00e4nna barn fr\u00e5n andra l\u00e4nder. Det \u00e4r tusentals mil ifr\u00e5n min professionella l\u00e4rarvardag. \u00c4nd\u00e5 \u00e4r det minnena fr\u00e5n den kv\u00e4llen som kommer tillbaka n\u00e4r jag n\u00e5gra veckor senare \u00e4r tillbaka p\u00e5 jobbet. Med huvudet i ett nytt l\u00e4s\u00e5r r\u00e5kar jag p\u00e5 kort tid ut f\u00f6r tre av varandra oberoende samtal som f\u00f6r tankarna tillbaka.<\/p>\n<p dir=\"ltr\">F\u00f6rst \u00e4r det ett samtal om l\u00f6gndetektorer med Journalistbarnet vars f\u00f6r\u00e4ldrar \u00e4r starkt sammh\u00e4llsengagerade. Jag har sedan l\u00e4nge sett hur f\u00f6r\u00e4ldrarnas engagemang f\u00f6r v\u00e4rlden har smittat av sig till n\u00e4sta generation. D\u00e4rf\u00f6r fastnar jag f\u00f6r hur Journalistbarnet blandar ihop det under v\u00e5rt samtal. \u201cJa, men allts\u00e5, hur funkar en s\u00e5n d\u00e4r l\u00f6gndiktator egentligen?\u201d F\u00f6rst ser jag bara det komiska i fels\u00e4gningen. Sedan imponeras jag av tanken p\u00e5 en nio\u00e5ring som har \u2018diktator\u2019 i sin vardagsvokabul\u00e4r.<\/p>\n<p dir=\"ltr\">Lite senare \u00e4ter jag lunch med Milj\u00f6barnet vars f\u00f6r\u00e4ldrar har b\u00e5de chefsjobb och doktorstitlar inom milj\u00f6vetenskap. Det \u00e4r ett samtal om ekologisk mat. \u00c4n en g\u00e5ng lyser barnets, och i f\u00f6rl\u00e4ngningen f\u00f6r\u00e4ldrarnas, specialiserade ordf\u00f6rr\u00e5d igenom. Det \u00e4r \u2018bek\u00e4mpningsmedel\u2019 och \u2018regleringar\u2019 och \u2018genmodifierat\u2019 som vi diskuterar och jag m\u00e4rker att det inte finns n\u00e5gra som helst hinder f\u00f6r den h\u00e4r tio\u00e5ringen att h\u00e4nga med.<\/p>\n<p dir=\"ltr\">Senare p\u00e5 dagen har jag precis avslutat sista lektionen. Kvar dr\u00f6jer sig Idrottsbarnet vars hela familj delar en passion f\u00f6r en och samma bollsport. Vi pratar om ett matchresultat som hen \u00e4r uppslukad i och som jag i f\u00f6rbifarten har l\u00e4st om p\u00e5 n\u00e4tet. Jag lyssnar mest, och f\u00f6r tredje g\u00e5ngen samma dag st\u00f6ter jag p\u00e5 ett ordf\u00f6rr\u00e5d som f\u00f6rtrollar mig.<\/p>\n<p dir=\"ltr\">Om m\u00e4nniskan \u00e4r summan av sina tankar s\u00e5 \u00e4r barns spr\u00e5k summan av deras kulturupplevelser, oavsett vilken kultur det \u00e4r. D\u00e5 spelar f\u00f6r\u00e4ldrarna en superstark roll! T\u00e4nk vad l\u00e4tt det \u00e4r att sprida sin entusiasm! Samtidigt finns det en fara i det. Barn skapar sin framtid utifr\u00e5n h\u00f6gst personliga intressen och dr\u00f6mmar\u00b4men \u00e4nd\u00e5 verkar spr\u00e5ket, n\u00e5got vi anv\u00e4nder f\u00f6r att f\u00f6rverkliga dr\u00f6mmar och f\u00f6rdjupa intressen, \u00a0precis lika beroende av v\u00e5ra f\u00f6r\u00e4ldrar som det alltid har varit. Det \u00e4r inget vi kan \u00e4ndra p\u00e5. Men det s\u00e4tter fingret p\u00e5 varf\u00f6r skolan beh\u00f6ver ge alla elever ett rikt fackspr\u00e5k d\u00e4r diktatorer, bek\u00e4mpningsmedel och helkontringar \u00e4r vardagsord f\u00f6r alla.<\/p>\n<p>&nbsp;<\/p>\n","protected":false},"excerpt":{"rendered":"<p>Va!? \u00c4r det verkligen sant? Barnet bredvid mig fnittrar till och torkar sina t\u00e5rar. Efter en dryg timma av gr\u00e5t och heml\u00e4ngtan \u00e4r det ett v\u00e4lkommet avbrott. Vi har rest halvv\u00e4gs runt jorden tillsammans och befinner oss p\u00e5 en l\u00e4gerg\u00e5rd p\u00e5 den brasilianska landsbygden. Jag m\u00e4rker att Resekamraten inte riktigt tror p\u00e5 mig. Jag f\u00f6rklarar [&hellip;]<\/p>\n","protected":false},"author":1,"featured_media":329,"parent":24,"menu_order":0,"comment_status":"open","ping_status":"open","template":"page-templates\/single-project.php","meta":{"footnotes":""},"class_list":["post-85","page","type-page","status-publish","has-post-thumbnail","hentry"],"_links":{"self":[{"href":"https:\/\/www.jacobmollstam.se\/index.php?rest_route=\/wp\/v2\/pages\/85","targetHints":{"allow":["GET"]}}],"collection":[{"href":"https:\/\/www.jacobmollstam.se\/index.php?rest_route=\/wp\/v2\/pages"}],"about":[{"href":"https:\/\/www.jacobmollstam.se\/index.php?rest_route=\/wp\/v2\/types\/page"}],"author":[{"embeddable":true,"href":"https:\/\/www.jacobmollstam.se\/index.php?rest_route=\/wp\/v2\/users\/1"}],"replies":[{"embeddable":true,"href":"https:\/\/www.jacobmollstam.se\/index.php?rest_route=%2Fwp%2Fv2%2Fcomments&post=85"}],"version-history":[{"count":1,"href":"https:\/\/www.jacobmollstam.se\/index.php?rest_route=\/wp\/v2\/pages\/85\/revisions"}],"predecessor-version":[{"id":88,"href":"https:\/\/www.jacobmollstam.se\/index.php?rest_route=\/wp\/v2\/pages\/85\/revisions\/88"}],"up":[{"embeddable":true,"href":"https:\/\/www.jacobmollstam.se\/index.php?rest_route=\/wp\/v2\/pages\/24"}],"wp:featuredmedia":[{"embeddable":true,"href":"https:\/\/www.jacobmollstam.se\/index.php?rest_route=\/wp\/v2\/media\/329"}],"wp:attachment":[{"href":"https:\/\/www.jacobmollstam.se\/index.php?rest_route=%2Fwp%2Fv2%2Fmedia&parent=85"}],"curies":[{"name":"wp","href":"https:\/\/api.w.org\/{rel}","templated":true}]}}