{"id":598,"date":"2017-05-10T12:46:02","date_gmt":"2017-05-10T12:46:02","guid":{"rendered":"http:\/\/themes.hody.co\/bezel\/?page_id=598"},"modified":"2025-10-11T21:55:20","modified_gmt":"2025-10-11T21:55:20","slug":"resume","status":"publish","type":"page","link":"https:\/\/www.jacobmollstam.se\/","title":{"rendered":"Startsida"},"content":{"rendered":"<h1><span class=\"typed-words\" data-strings=\"Hej, Hallo , Tja, Tjena, Annyeong\">Hej.<\/span><\/h1>\n<p>Jag heter Jacob M\u00f6llstam och \u00e4r grundskoll\u00e4rare vid Kvibergsskolan i G\u00f6teborg d\u00e4r jag undervisar i matematik och NO\/Teknik i mellanstadiet. Mitt f\u00f6rstel\u00e4raruppdrag \u00e4r inriktat mot skolans Makerspace och skolutveckling med koppling till digitalisering. Jag tog min l\u00e4rarexamen i december 2009 och b\u00f6rjade arbeta p\u00e5 en skola som v\u00e5ren 2010 blev en av de f\u00f6rsta i V\u00e4stsverige med en dator per elev. Det \u00e4r f\u00f6rklaringen till varf\u00f6r jag b\u00f6rjade intressera mig f\u00f6r fr\u00e5gor som tangerar b\u00e5de utbildning och digitalisering. Sedan dess har jag arbetat med skolutveckling och undervisningsutveckling i allt fr\u00e5n lokala projekt i och om kring klassrummet till olika nationella projekt som f\u00f6rhoppningsvis kan vara en hj\u00e4lp i alla klassrum.<\/p>\n<p>Syftet med den h\u00e4r hemsidan \u00e4r dels att fungera som ett digitalt visitkort och som en samlingsplats f\u00f6r digitala projekt som inte passar in p\u00e5 andra ytor d\u00e4r jag \u00e4r aktiv.<\/p>\n<p>&nbsp;<\/p>\n<p>jacob(a)mollstam.com<br \/>\n0733-349480<br \/>\nkillfroken.se<\/p>\n<p>Skolsverige.com<br \/>\nHowalikeamitoyou.com<br \/>\nKillfroken.se<br \/>\nm fl<\/p>\n","protected":false},"excerpt":{"rendered":"<p>Hej. Jag heter Jacob M\u00f6llstam och \u00e4r grundskoll\u00e4rare vid Kvibergsskolan i G\u00f6teborg d\u00e4r jag undervisar i matematik och NO\/Teknik i mellanstadiet. Mitt f\u00f6rstel\u00e4raruppdrag \u00e4r inriktat mot skolans Makerspace och skolutveckling med koppling till digitalisering. Jag tog min l\u00e4rarexamen i december 2009 och b\u00f6rjade arbeta p\u00e5 en skola som v\u00e5ren 2010 blev en av de f\u00f6rsta [&hellip;]<\/p>\n","protected":false},"author":1,"featured_media":1289,"parent":0,"menu_order":0,"comment_status":"closed","ping_status":"closed","template":"","meta":{"footnotes":""},"class_list":["post-598","page","type-page","status-publish","has-post-thumbnail","hentry"],"_links":{"self":[{"href":"https:\/\/www.jacobmollstam.se\/index.php?rest_route=\/wp\/v2\/pages\/598","targetHints":{"allow":["GET"]}}],"collection":[{"href":"https:\/\/www.jacobmollstam.se\/index.php?rest_route=\/wp\/v2\/pages"}],"about":[{"href":"https:\/\/www.jacobmollstam.se\/index.php?rest_route=\/wp\/v2\/types\/page"}],"author":[{"embeddable":true,"href":"https:\/\/www.jacobmollstam.se\/index.php?rest_route=\/wp\/v2\/users\/1"}],"replies":[{"embeddable":true,"href":"https:\/\/www.jacobmollstam.se\/index.php?rest_route=%2Fwp%2Fv2%2Fcomments&post=598"}],"version-history":[{"count":13,"href":"https:\/\/www.jacobmollstam.se\/index.php?rest_route=\/wp\/v2\/pages\/598\/revisions"}],"predecessor-version":[{"id":1374,"href":"https:\/\/www.jacobmollstam.se\/index.php?rest_route=\/wp\/v2\/pages\/598\/revisions\/1374"}],"wp:featuredmedia":[{"embeddable":true,"href":"https:\/\/www.jacobmollstam.se\/index.php?rest_route=\/wp\/v2\/media\/1289"}],"wp:attachment":[{"href":"https:\/\/www.jacobmollstam.se\/index.php?rest_route=%2Fwp%2Fv2%2Fmedia&parent=598"}],"curies":[{"name":"wp","href":"https:\/\/api.w.org\/{rel}","templated":true}]}}