{"id":24,"date":"2014-04-17T09:40:23","date_gmt":"2014-04-17T09:40:23","guid":{"rendered":"http:\/\/www.jacobmollstam.se\/?page_id=24"},"modified":"2025-10-11T21:59:28","modified_gmt":"2025-10-11T21:59:28","slug":"kronikor","status":"publish","type":"page","link":"https:\/\/www.jacobmollstam.se\/?page_id=24","title":{"rendered":"Kr\u00f6nikor"},"content":{"rendered":"<p>D\u00e5 och d\u00e5 blir jag ombedd att skriva texter och kr\u00f6nikor. Tidigare var det i samband med Skolportens forskningsmagasin. Ett kort tag skrev jag f\u00f6r Datorn i Utbildningen. Alltid f\u00f6rs\u00f6ker jag samla mina l\u00e4ngre texter h\u00e4r. Du f\u00e5r oftast sprida dem vidare men h\u00e4nvisa d\u00e5 till mig och uppdragsgivaren. G\u00e4ller n\u00e5got s\u00e4rskilt om upphovsr\u00e4tten s\u00e5 beror det p\u00e5 den uppdragsgivaren och d\u00e5 kommer jag skriva det l\u00e4ngst ner i den texten.<\/p>\n<p>Listan uppdateras l\u00f6pande.<\/p>\n<p>&nbsp;<\/p>\n<p><a href=\"http:\/\/www.jacobmollstam.se\/?page_id=91\">Skolporten: &#8220;Entrepren\u00f6riell nyfikenhet&#8221;<\/a><\/p>\n<p><a href=\"http:\/\/www.jacobmollstam.se\/?page_id=87\">Skolporten: &#8220;Skolpolitik p\u00e5 forskningsgrung&#8221;<\/a><\/p>\n<p><a href=\"http:\/\/www.jacobmollstam.se\/?page_id=86\">Skolporten: Kollegan i klassrummet intill<\/a><\/p>\n<p><a href=\"http:\/\/www.jacobmollstam.se\/?page_id=85\">Skolporten: &#8220;Va!? \u00c4r det verkligen sant!?&#8221;<\/a><\/p>\n<p><a href=\"http:\/\/www.jacobmollstam.se\/?page_id=75\">Skolporten: &#8220;Du \u00e4r min syster och kommer alltid vara det!&#8221;<\/a><\/p>\n<p><a href=\"http:\/\/www.jacobmollstam.se\/?page_id=76\">Skolporten: &#8220;Om att vinka vid muren&#8221;<\/a><\/p>\n<p><a href=\"http:\/\/www.jacobmollstam.se\/?page_id=77\">Skolporten: &#8220;Jakten p\u00e5 en forskare&#8221;<\/a><\/p>\n<p><a href=\"http:\/\/www.jacobmollstam.se\/?page_id=78\">Skolporten: &#8220;Ledarskap i och utanf\u00f6r klassrummet&#8221;<\/a><\/p>\n","protected":false},"excerpt":{"rendered":"<p>D\u00e5 och d\u00e5 blir jag ombedd att skriva texter och kr\u00f6nikor. Tidigare var det i samband med Skolportens forskningsmagasin. Ett kort tag skrev jag f\u00f6r Datorn i Utbildningen. Alltid f\u00f6rs\u00f6ker jag samla mina l\u00e4ngre texter h\u00e4r. Du f\u00e5r oftast sprida dem vidare men h\u00e4nvisa d\u00e5 till mig och uppdragsgivaren. G\u00e4ller n\u00e5got s\u00e4rskilt om upphovsr\u00e4tten s\u00e5 [&hellip;]<\/p>\n","protected":false},"author":1,"featured_media":0,"parent":0,"menu_order":0,"comment_status":"open","ping_status":"open","template":"","meta":{"footnotes":""},"class_list":["post-24","page","type-page","status-publish","hentry"],"_links":{"self":[{"href":"https:\/\/www.jacobmollstam.se\/index.php?rest_route=\/wp\/v2\/pages\/24","targetHints":{"allow":["GET"]}}],"collection":[{"href":"https:\/\/www.jacobmollstam.se\/index.php?rest_route=\/wp\/v2\/pages"}],"about":[{"href":"https:\/\/www.jacobmollstam.se\/index.php?rest_route=\/wp\/v2\/types\/page"}],"author":[{"embeddable":true,"href":"https:\/\/www.jacobmollstam.se\/index.php?rest_route=\/wp\/v2\/users\/1"}],"replies":[{"embeddable":true,"href":"https:\/\/www.jacobmollstam.se\/index.php?rest_route=%2Fwp%2Fv2%2Fcomments&post=24"}],"version-history":[{"count":9,"href":"https:\/\/www.jacobmollstam.se\/index.php?rest_route=\/wp\/v2\/pages\/24\/revisions"}],"predecessor-version":[{"id":1380,"href":"https:\/\/www.jacobmollstam.se\/index.php?rest_route=\/wp\/v2\/pages\/24\/revisions\/1380"}],"wp:attachment":[{"href":"https:\/\/www.jacobmollstam.se\/index.php?rest_route=%2Fwp%2Fv2%2Fmedia&parent=24"}],"curies":[{"name":"wp","href":"https:\/\/api.w.org\/{rel}","templated":true}]}}